{"id":201,"date":"2019-11-17T15:35:35","date_gmt":"2019-11-17T15:35:35","guid":{"rendered":"https:\/\/milad-dg.com\/?page_id=201"},"modified":"2022-07-03T14:31:48","modified_gmt":"2022-07-03T14:31:48","slug":"impressum","status":"publish","type":"page","link":"https:\/\/milad-dg.com\/de\/impressum\/","title":{"rendered":"Impressum"},"content":{"rendered":"<div data-elementor-type=\"wp-page\" data-elementor-id=\"201\" class=\"elementor elementor-201\" data-elementor-post-type=\"page\">\n\t\t\t\t\t\t<section class=\"elementor-section elementor-top-section elementor-element elementor-element-78ab209 elementor-section-boxed elementor-section-height-default elementor-section-height-default\" data-id=\"78ab209\" data-element_type=\"section\" data-e-type=\"section\">\n\t\t\t\t\t\t<div class=\"elementor-container elementor-column-gap-default\">\n\t\t\t\t\t<div class=\"elementor-column elementor-col-100 elementor-top-column elementor-element elementor-element-c0c1b4f\" data-id=\"c0c1b4f\" data-element_type=\"column\" data-e-type=\"column\">\n\t\t\t<div class=\"elementor-widget-wrap elementor-element-populated\">\n\t\t\t\t\t\t<div class=\"elementor-element elementor-element-9b24c04 elementor-widget elementor-widget-text-editor\" data-id=\"9b24c04\" data-element_type=\"widget\" data-e-type=\"widget\" data-widget_type=\"text-editor.default\">\n\t\t\t\t<div class=\"elementor-widget-container\">\n\t\t\t\t\t\t\t\t\t<p style=\"-webkit-tap-highlight-color: transparent; margin-bottom: 15px; font-size: 18px; line-height: 1.618; color: #3c4858; font-family: Roboto, Helvetica, Arial, sans-serif; font-style: normal; font-variant-ligatures: normal; font-variant-caps: normal; font-weight: 300;\">Inhaltlich verantwortlich:<\/p><p style=\"-webkit-tap-highlight-color: transparent; margin-bottom: 15px; font-size: 18px; line-height: 1.618; color: #3c4858; font-family: Roboto, Helvetica, Arial, sans-serif; font-style: normal; font-variant-ligatures: normal; font-variant-caps: normal; font-weight: 300;\">Milad Darvish Ghane<\/p><p style=\"-webkit-tap-highlight-color: transparent; margin-bottom: 15px; font-size: 18px; line-height: 1.618; color: #3c4858; font-family: Roboto, Helvetica, Arial, sans-serif; font-style: normal; font-variant-ligatures: normal; font-variant-caps: normal; font-weight: 300;\">Telefon:\u00a0\u00a0 0162 \/ 7540638<\/p><p style=\"-webkit-tap-highlight-color: transparent; margin-bottom: 15px; font-size: 18px; line-height: 1.618; color: #3c4858; font-family: Roboto, Helvetica, Arial, sans-serif; font-style: normal; font-variant-ligatures: normal; font-variant-caps: normal; font-weight: 300;\">E-Mail:\u00a0\u00a0\u00a0 gitarre@milad-dg.com<\/p><p style=\"-webkit-tap-highlight-color: transparent; margin-bottom: 15px; font-size: 18px; line-height: 1.618; color: #3c4858; font-family: Roboto, Helvetica, Arial, sans-serif; font-style: normal; font-variant-ligatures: normal; font-variant-caps: normal; font-weight: 300;\">Herzlichen Dank an\u00a0<a style=\"-webkit-tap-highlight-color: transparent; color: #0b219e;\" href=\"https:\/\/www.facebook.com\/taizhi.shao\">TaiZhi Shao<\/a>, Ramona Beyer und Marie H\u00fcbner und Timo Sch\u00f6nfelder f\u00fcr die Fotos, Audioaufnahmen und Videos!<\/p><p style=\"-webkit-tap-highlight-color: transparent; margin-bottom: 15px; font-size: 18px; line-height: 1.618; color: #3c4858; font-family: Roboto, Helvetica, Arial, sans-serif; font-style: normal; font-variant-ligatures: normal; font-variant-caps: normal; font-weight: 300;\"><strong style=\"-webkit-tap-highlight-color: transparent;\">Haftung f\u00fcr Inhalte<\/strong><\/p><p style=\"-webkit-tap-highlight-color: transparent; margin-bottom: 15px; font-size: 18px; line-height: 1.618; color: #3c4858; font-family: Roboto, Helvetica, Arial, sans-serif; font-style: normal; font-variant-ligatures: normal; font-variant-caps: normal; font-weight: 300;\">Als Diensteanbieter sind wir gem\u00e4\u00df \u00a7 7 Abs.1 TMG f\u00fcr eigene Inhalte auf diesen Seiten nach den allgemeinen Gesetzen verantwortlich. Nach \u00a7\u00a7 8 bis 10 TMG sind wir als Diensteanbieter jedoch nicht verpflichtet, \u00fcbermittelte oder gespeicherte fremde Informationen zu \u00fcberwachen oder nach Umst\u00e4nden zu forschen, die auf eine rechtswidrige T\u00e4tigkeit hinweisen. Verpflichtungen zur Entfernung oder Sperrung der Nutzung von Informationen nach den allgemeinen Gesetzen bleiben hiervon unber\u00fchrt. Eine diesbez\u00fcgliche Haftung ist jedoch erst ab dem Zeitpunkt der Kenntnis einer konkreten Rechtsverletzung m\u00f6glich. Bei Bekanntwerden von entsprechenden Rechtsverletzungen werden wir diese Inhalte umgehend entfernen.<\/p><p style=\"-webkit-tap-highlight-color: transparent; margin-bottom: 15px; font-size: 18px; line-height: 1.618; color: #3c4858; font-family: Roboto, Helvetica, Arial, sans-serif; font-style: normal; font-variant-ligatures: normal; font-variant-caps: normal; font-weight: 300;\"><strong style=\"-webkit-tap-highlight-color: transparent;\">Haftung f\u00fcr Links<\/strong><\/p><p style=\"-webkit-tap-highlight-color: transparent; margin-bottom: 15px; font-size: 18px; line-height: 1.618; color: #3c4858; font-family: Roboto, Helvetica, Arial, sans-serif; font-style: normal; font-variant-ligatures: normal; font-variant-caps: normal; font-weight: 300;\">Unser Angebot enth\u00e4lt Links zu externen Webseiten Dritter, auf deren Inhalte wir keinen Einfluss haben. Deshalb k\u00f6nnen wir f\u00fcr diese fremden Inhalte auch keine Gew\u00e4hr \u00fcbernehmen. F\u00fcr die Inhalte der verlinkten Seiten ist stets der jeweilige Anbieter oder Betreiber der Seiten verantwortlich. Die verlinkten Seiten wurden zum Zeitpunkt der Verlinkung auf m\u00f6gliche Rechtsverst\u00f6\u00dfe \u00fcberpr\u00fcft. Rechtswidrige Inhalte waren zum Zeitpunkt der Verlinkung nicht erkennbar. Eine permanente inhaltliche Kontrolle der verlinkten Seiten ist jedoch ohne konkrete Anhaltspunkte einer Rechtsverletzung nicht zumutbar. Bei Bekanntwerden von Rechtsverletzungen werden wir derartige Links umgehend entfernen.<\/p><p style=\"-webkit-tap-highlight-color: transparent; margin-bottom: 15px; font-size: 18px; line-height: 1.618; color: #3c4858; font-family: Roboto, Helvetica, Arial, sans-serif; font-style: normal; font-variant-ligatures: normal; font-variant-caps: normal; font-weight: 300;\"><strong style=\"-webkit-tap-highlight-color: transparent;\">Urheberrecht<\/strong><\/p><p style=\"-webkit-tap-highlight-color: transparent; margin-bottom: 15px; font-size: 18px; line-height: 1.618; color: #3c4858; font-family: Roboto, Helvetica, Arial, sans-serif; font-style: normal; font-variant-ligatures: normal; font-variant-caps: normal; font-weight: 300;\">Die durch die Seitenbetreiber erstellten Inhalte und Werke auf diesen Seiten unterliegen dem deutschen Urheberrecht. Die Vervielf\u00e4ltigung, Bearbeitung, Verbreitung und jede Art der Verwertung au\u00dferhalb der Grenzen des Urheberrechtes bed\u00fcrfen der schriftlichen Zustimmung des jeweiligen Autors bzw. Erstellers. Downloads und Kopien dieser Seite sind nur f\u00fcr den privaten, nicht kommerziellen Gebrauch gestattet. Soweit die Inhalte auf dieser Seite nicht vom Betreiber erstellt wurden, werden die Urheberrechte Dritter beachtet. Insbesondere werden Inhalte Dritter als solche gekennzeichnet. Sollten Sie trotzdem auf eine Urheberrechtsverletzung aufmerksam werden, bitten wir um einen entsprechenden Hinweis. Bei Bekanntwerden von Rechtsverletzungen werden wir derartige Inhalte umgehend entfernen.<\/p><p style=\"-webkit-tap-highlight-color: transparent; margin-bottom: 15px; font-size: 18px; line-height: 1.618; color: #3c4858; font-family: Roboto, Helvetica, Arial, sans-serif; font-style: normal; font-variant-ligatures: normal; font-variant-caps: normal; font-weight: 300;\"><strong style=\"-webkit-tap-highlight-color: transparent;\">Widerruf Ihrer Einwilligung zur Datenverarbeitung<\/strong><\/p><p style=\"-webkit-tap-highlight-color: transparent; margin-bottom: 15px; font-size: 18px; line-height: 1.618; color: #3c4858; font-family: Roboto, Helvetica, Arial, sans-serif; font-style: normal; font-variant-ligatures: normal; font-variant-caps: normal; font-weight: 300;\">Nur mit Ihrer ausdr\u00fccklichen Einwilligung sind einige Vorg\u00e4nge der Datenverarbeitung m\u00f6glich. Ein Widerruf Ihrer bereits erteilten Einwilligung ist jederzeit m\u00f6glich. F\u00fcr den Widerruf gen\u00fcgt eine formlose Mitteilung per E-Mail. Die Rechtm\u00e4\u00dfigkeit der bis zum Widerruf erfolgten Datenverarbeitung bleibt vom Widerruf unber\u00fchrt.<\/p><p style=\"-webkit-tap-highlight-color: transparent; margin-bottom: 15px; font-size: 18px; line-height: 1.618; color: #3c4858; font-family: Roboto, Helvetica, Arial, sans-serif; font-style: normal; font-variant-ligatures: normal; font-variant-caps: normal; font-weight: 300;\"><strong style=\"-webkit-tap-highlight-color: transparent;\">Recht auf Beschwerde bei der zust\u00e4ndigen Aufsichtsbeh\u00f6rde<\/strong><\/p><p style=\"-webkit-tap-highlight-color: transparent; margin-bottom: 15px; font-size: 18px; line-height: 1.618; color: #3c4858; font-family: Roboto, Helvetica, Arial, sans-serif; font-style: normal; font-variant-ligatures: normal; font-variant-caps: normal; font-weight: 300;\">Als Betroffener steht Ihnen im Falle eines datenschutzrechtlichen Versto\u00dfes ein Beschwerderecht bei der zust\u00e4ndigen Aufsichtsbeh\u00f6rde zu. Zust\u00e4ndige Aufsichtsbeh\u00f6rde bez\u00fcglich datenschutzrechtlicher Fragen ist der Landesdatenschutzbeauftragte des Bundeslandes, in dem sich der Sitz unseres Unternehmens befindet. Der folgende Link stellt eine Liste der Datenschutzbeauftragten sowie deren Kontaktdaten bereit:\u00a0<a style=\"-webkit-tap-highlight-color: transparent; color: #0b219e;\" href=\"https:\/\/www.bfdi.bund.de\/DE\/Infothek\/Anschriften_Links\/anschriften_links-node.html\" target=\"_blank\" rel=\"noreferrer noopener\">https:\/\/www.bfdi.bund.de\/DE\/Infothek\/Anschriften_Links\/anschriften_links-node.html<\/a>.<\/p><p style=\"-webkit-tap-highlight-color: transparent; margin-bottom: 15px; font-size: 18px; line-height: 1.618; color: #3c4858; font-family: Roboto, Helvetica, Arial, sans-serif; font-style: normal; font-variant-ligatures: normal; font-variant-caps: normal; font-weight: 300;\"><strong style=\"-webkit-tap-highlight-color: transparent;\">Recht auf Daten\u00fcbertragbarkeit<\/strong><\/p><p style=\"-webkit-tap-highlight-color: transparent; margin-bottom: 15px; font-size: 18px; line-height: 1.618; color: #3c4858; font-family: Roboto, Helvetica, Arial, sans-serif; font-style: normal; font-variant-ligatures: normal; font-variant-caps: normal; font-weight: 300;\">Ihnen steht das Recht zu, Daten, die wir auf Grundlage Ihrer Einwilligung oder in Erf\u00fcllung eines Vertrags automatisiert verarbeiten, an sich oder an Dritte aush\u00e4ndigen zu lassen. Die Bereitstellung erfolgt in einem maschinenlesbaren Format. Sofern Sie die direkte \u00dcbertragung der Daten an einen anderen Verantwortlichen verlangen, erfolgt dies nur, soweit es technisch machbar ist.<\/p><p style=\"-webkit-tap-highlight-color: transparent; margin-bottom: 15px; font-size: 18px; line-height: 1.618; color: #3c4858; font-family: Roboto, Helvetica, Arial, sans-serif; font-style: normal; font-variant-ligatures: normal; font-variant-caps: normal; font-weight: 300;\"><strong style=\"-webkit-tap-highlight-color: transparent;\">Recht auf Auskunft, Berichtigung, Sperrung, L\u00f6schung<\/strong><\/p><p style=\"-webkit-tap-highlight-color: transparent; margin-bottom: 15px; font-size: 18px; line-height: 1.618; color: #3c4858; font-family: Roboto, Helvetica, Arial, sans-serif; font-style: normal; font-variant-ligatures: normal; font-variant-caps: normal; font-weight: 300;\">Sie haben jederzeit im Rahmen der geltenden gesetzlichen Bestimmungen das Recht auf unentgeltliche Auskunft \u00fcber Ihre gespeicherten personenbezogenen Daten, Herkunft der Daten, deren Empf\u00e4nger und den Zweck der Datenverarbeitung und ggf. ein Recht auf Berichtigung, Sperrung oder L\u00f6schung dieser Daten. Diesbez\u00fcglich und auch zu weiteren Fragen zum Thema personenbezogene Daten k\u00f6nnen Sie sich jederzeit \u00fcber die im Impressum aufgef\u00fchrten Kontaktm\u00f6glichkeiten an uns wenden.<\/p><p style=\"-webkit-tap-highlight-color: transparent; margin-bottom: 15px; font-size: 18px; line-height: 1.618; color: #3c4858; font-family: Roboto, Helvetica, Arial, sans-serif; font-style: normal; font-variant-ligatures: normal; font-variant-caps: normal; font-weight: 300;\"><strong style=\"-webkit-tap-highlight-color: transparent;\">Server-Log-Dateien<\/strong><\/p><p style=\"-webkit-tap-highlight-color: transparent; margin-bottom: 15px; font-size: 18px; line-height: 1.618; color: #3c4858; font-family: Roboto, Helvetica, Arial, sans-serif; font-style: normal; font-variant-ligatures: normal; font-variant-caps: normal; font-weight: 300;\">In Server-Log-Dateien erhebt und speichert der Provider der Website automatisch Informationen, die Ihr Browser automatisch an uns \u00fcbermittelt. Dies sind:<\/p><ul style=\"-webkit-tap-highlight-color: transparent; margin-top: 0px; margin-bottom: 30px; line-height: 1.618; font-size: 18px; color: #3c4858; font-family: Roboto, Helvetica, Arial, sans-serif; font-style: normal; font-variant-ligatures: normal; font-variant-caps: normal; font-weight: 300;\"><li style=\"-webkit-tap-highlight-color: transparent;\">Besuchte Seite auf unserer Domain<\/li><li style=\"-webkit-tap-highlight-color: transparent;\">Datum und Uhrzeit der Serveranfrage<\/li><li style=\"-webkit-tap-highlight-color: transparent;\">Browsertyp und Browserversion<\/li><li style=\"-webkit-tap-highlight-color: transparent;\">Verwendetes Betriebssystem<\/li><li style=\"-webkit-tap-highlight-color: transparent;\">Referrer URL<\/li><li style=\"-webkit-tap-highlight-color: transparent;\">Hostname des zugreifenden Rechners<\/li><li style=\"-webkit-tap-highlight-color: transparent;\">IP-Adresse<\/li><\/ul><p style=\"-webkit-tap-highlight-color: transparent; margin-bottom: 15px; font-size: 18px; line-height: 1.618; color: #3c4858; font-family: Roboto, Helvetica, Arial, sans-serif; font-style: normal; font-variant-ligatures: normal; font-variant-caps: normal; font-weight: 300;\">Es findet keine Zusammenf\u00fchrung dieser Daten mit anderen Datenquellen statt. Grundlage der Datenverarbeitung bildet Art. 6 Abs. 1 lit. b DSGVO, der die Verarbeitung von Daten zur Erf\u00fcllung eines Vertrags oder vorvertraglicher Ma\u00dfnahmen gestattet.<\/p><p style=\"-webkit-tap-highlight-color: transparent; margin-bottom: 15px; font-size: 18px; line-height: 1.618; color: #3c4858; font-family: Roboto, Helvetica, Arial, sans-serif; font-style: normal; font-variant-ligatures: normal; font-variant-caps: normal; font-weight: 300;\"><strong style=\"-webkit-tap-highlight-color: transparent;\">SSL- bzw. TLS-Verschl\u00fcsselung<\/strong><\/p><p style=\"-webkit-tap-highlight-color: transparent; margin-bottom: 15px; font-size: 18px; line-height: 1.618; color: #3c4858; font-family: Roboto, Helvetica, Arial, sans-serif; font-style: normal; font-variant-ligatures: normal; font-variant-caps: normal; font-weight: 300;\">Aus Sicherheitsgr\u00fcnden und zum Schutz der \u00dcbertragung vertraulicher Inhalte, die Sie an uns als Seitenbetreiber senden, nutzt unsere Website eine SSL-bzw. TLS-Verschl\u00fcsselung. Damit sind Daten, die Sie \u00fcber diese Website \u00fcbermitteln, f\u00fcr Dritte nicht mitlesbar. Sie erkennen eine verschl\u00fcsselte Verbindung an der \u201ehttps:\/\/\u201c Adresszeile Ihres Browsers und am Schloss-Symbol in der Browserzeile.<\/p><p style=\"-webkit-tap-highlight-color: transparent; margin-bottom: 15px; font-size: 18px; line-height: 1.618; color: #3c4858; font-family: Roboto, Helvetica, Arial, sans-serif; font-style: normal; font-variant-ligatures: normal; font-variant-caps: normal; font-weight: 300;\"><strong style=\"-webkit-tap-highlight-color: transparent;\">YouTube<\/strong><\/p><p style=\"-webkit-tap-highlight-color: transparent; margin-bottom: 15px; font-size: 18px; line-height: 1.618; color: #3c4858; font-family: Roboto, Helvetica, Arial, sans-serif; font-style: normal; font-variant-ligatures: normal; font-variant-caps: normal; font-weight: 300;\">F\u00fcr Integration und Darstellung von Videoinhalten nutzt unsere Website Plugins von YouTube. Anbieter des Videoportals ist die YouTube, LLC, 901 Cherry Ave., San Bruno, CA 94066, USA.<\/p><p style=\"-webkit-tap-highlight-color: transparent; margin-bottom: 15px; font-size: 18px; line-height: 1.618; color: #3c4858; font-family: Roboto, Helvetica, Arial, sans-serif; font-style: normal; font-variant-ligatures: normal; font-variant-caps: normal; font-weight: 300;\">Bei Aufruf einer Seite mit integriertem YouTube-Plugin wird eine Verbindung zu den Servern von YouTube hergestellt. YouTube erf\u00e4hrt hierdurch, welche unserer Seiten Sie aufgerufen haben.<\/p><p style=\"-webkit-tap-highlight-color: transparent; margin-bottom: 15px; font-size: 18px; line-height: 1.618; color: #3c4858; font-family: Roboto, Helvetica, Arial, sans-serif; font-style: normal; font-variant-ligatures: normal; font-variant-caps: normal; font-weight: 300;\">YouTube kann Ihr Surfverhalten direkt Ihrem pers\u00f6nlichen Profil zuzuordnen, sollten Sie in Ihrem YouTube Konto eingeloggt sein. Durch vorheriges Ausloggen haben Sie die M\u00f6glichkeit, dies zu unterbinden.<\/p><p style=\"-webkit-tap-highlight-color: transparent; margin-bottom: 15px; font-size: 18px; line-height: 1.618; color: #3c4858; font-family: Roboto, Helvetica, Arial, sans-serif; font-style: normal; font-variant-ligatures: normal; font-variant-caps: normal; font-weight: 300;\">Die Nutzung von YouTube erfolgt im Interesse einer ansprechenden Darstellung unserer Online-Angebote. Dies stellt ein berechtigtes Interesse im Sinne von Art. 6 Abs. 1 lit. f DSGVO dar.<\/p><p style=\"-webkit-tap-highlight-color: transparent; margin-bottom: 15px; font-size: 18px; line-height: 1.618; color: #3c4858; font-family: Roboto, Helvetica, Arial, sans-serif; font-style: normal; font-variant-ligatures: normal; font-variant-caps: normal; font-weight: 300;\">Einzelheiten zum Umgang mit Nutzerdaten finden Sie in der Datenschutzerkl\u00e4rung von YouTube unter:\u00a0<a style=\"-webkit-tap-highlight-color: transparent; color: #0b219e;\" href=\"https:\/\/www.google.de\/intl\/de\/policies\/privacy\">https:\/\/www.google.de\/intl\/de\/policies\/privacy<\/a>.<\/p><p style=\"-webkit-tap-highlight-color: transparent; margin-bottom: 15px; font-size: 18px; line-height: 1.618; color: #3c4858; font-family: Roboto, Helvetica, Arial, sans-serif; font-style: normal; font-variant-ligatures: normal; font-variant-caps: normal; font-weight: 300;\"><strong style=\"-webkit-tap-highlight-color: transparent;\">Cookies<\/strong><\/p><p style=\"-webkit-tap-highlight-color: transparent; margin-bottom: 15px; font-size: 18px; line-height: 1.618; color: #3c4858; font-family: Roboto, Helvetica, Arial, sans-serif; font-style: normal; font-variant-ligatures: normal; font-variant-caps: normal; font-weight: 300;\">Unsere Website verwendet Cookies. Das sind kleine Textdateien, die Ihr Webbrowser auf Ihrem Endger\u00e4t speichert. Cookies helfen uns dabei, unser Angebot nutzerfreundlicher, effektiver und sicherer zu machen.<\/p><p style=\"-webkit-tap-highlight-color: transparent; margin-bottom: 15px; font-size: 18px; line-height: 1.618; color: #3c4858; font-family: Roboto, Helvetica, Arial, sans-serif; font-style: normal; font-variant-ligatures: normal; font-variant-caps: normal; font-weight: 300;\">Einige Cookies sind \u201cSession-Cookies.\u201d Solche Cookies werden nach Ende Ihrer Browser-Sitzung von selbst gel\u00f6scht. Hingegen bleiben andere Cookies auf Ihrem Endger\u00e4t bestehen, bis Sie diese selbst l\u00f6schen. Solche Cookies helfen uns, Sie bei R\u00fcckkehr auf unserer Website wiederzuerkennen.<\/p><p style=\"-webkit-tap-highlight-color: transparent; margin-bottom: 15px; font-size: 18px; line-height: 1.618; color: #3c4858; font-family: Roboto, Helvetica, Arial, sans-serif; font-style: normal; font-variant-ligatures: normal; font-variant-caps: normal; font-weight: 300;\">Mit einem modernen Webbrowser k\u00f6nnen Sie das Setzen von Cookies \u00fcberwachen, einschr\u00e4nken oder unterbinden. Viele Webbrowser lassen sich so konfigurieren, dass Cookies mit dem Schlie\u00dfen des Programms von selbst gel\u00f6scht werden. Die Deaktivierung von Cookies kann eine eingeschr\u00e4nkte Funktionalit\u00e4t unserer Website zur Folge haben.<\/p><p style=\"-webkit-tap-highlight-color: transparent; margin-bottom: 15px; font-size: 18px; line-height: 1.618; color: #3c4858; font-family: Roboto, Helvetica, Arial, sans-serif; font-style: normal; font-variant-ligatures: normal; font-variant-caps: normal; font-weight: 300;\">Das Setzen von Cookies, die zur Aus\u00fcbung elektronischer Kommunikationsvorg\u00e4nge oder der Bereitstellung bestimmter, von Ihnen erw\u00fcnschter Funktionen (z.B. Warenkorb) notwendig sind, erfolgt auf Grundlage von Art. 6 Abs. 1 lit. f DSGVO. Als Betreiber dieser Website haben wir ein berechtigtes Interesse an der Speicherung von Cookies zur technisch fehlerfreien und reibungslosen Bereitstellung unserer Dienste. Sofern die Setzung anderer Cookies (z.B. f\u00fcr Analyse-Funktionen) erfolgt, werden diese in dieser Datenschutzerkl\u00e4rung separat behandelt.<\/p>\t\t\t\t\t\t\t\t<\/div>\n\t\t\t\t<\/div>\n\t\t\t\t\t<\/div>\n\t\t<\/div>\n\t\t\t\t\t<\/div>\n\t\t<\/section>\n\t\t\t\t<\/div>","protected":false},"excerpt":{"rendered":"<p>Inhaltlich verantwortlich: Milad Darvish Ghane Telefon:\u00a0\u00a0 0162 \/ 7540638 E-Mail:\u00a0\u00a0\u00a0 gitarre@milad-dg.com Herzlichen Dank an\u00a0TaiZhi Shao, Ramona Beyer und Marie H\u00fcbner und Timo Sch\u00f6nfelder f\u00fcr die Fotos, Audioaufnahmen und Videos! Haftung f\u00fcr Inhalte Als Diensteanbieter sind wir gem\u00e4\u00df \u00a7 7 Abs.1 TMG f\u00fcr eigene Inhalte auf diesen Seiten nach den allgemeinen Gesetzen verantwortlich. Nach \u00a7\u00a7 8 [&hellip;]<\/p>\n","protected":false},"author":1,"featured_media":0,"parent":0,"menu_order":0,"comment_status":"closed","ping_status":"closed","template":"","meta":{"ocean_post_layout":"","ocean_both_sidebars_style":"","ocean_both_sidebars_content_width":0,"ocean_both_sidebars_sidebars_width":0,"ocean_sidebar":"0","ocean_second_sidebar":"0","ocean_disable_margins":"enable","ocean_add_body_class":"","ocean_shortcode_before_top_bar":"","ocean_shortcode_after_top_bar":"","ocean_shortcode_before_header":"","ocean_shortcode_after_header":"","ocean_has_shortcode":"","ocean_shortcode_after_title":"","ocean_shortcode_before_footer_widgets":"","ocean_shortcode_after_footer_widgets":"","ocean_shortcode_before_footer_bottom":"","ocean_shortcode_after_footer_bottom":"","ocean_display_top_bar":"default","ocean_display_header":"default","ocean_header_style":"","ocean_center_header_left_menu":"0","ocean_custom_header_template":"0","ocean_custom_logo":0,"ocean_custom_retina_logo":0,"ocean_custom_logo_max_width":0,"ocean_custom_logo_tablet_max_width":0,"ocean_custom_logo_mobile_max_width":0,"ocean_custom_logo_max_height":0,"ocean_custom_logo_tablet_max_height":0,"ocean_custom_logo_mobile_max_height":0,"ocean_header_custom_menu":"0","ocean_menu_typo_font_family":"0","ocean_menu_typo_font_subset":"","ocean_menu_typo_font_size":0,"ocean_menu_typo_font_size_tablet":0,"ocean_menu_typo_font_size_mobile":0,"ocean_menu_typo_font_size_unit":"px","ocean_menu_typo_font_weight":"","ocean_menu_typo_font_weight_tablet":"","ocean_menu_typo_font_weight_mobile":"","ocean_menu_typo_transform":"","ocean_menu_typo_transform_tablet":"","ocean_menu_typo_transform_mobile":"","ocean_menu_typo_line_height":0,"ocean_menu_typo_line_height_tablet":0,"ocean_menu_typo_line_height_mobile":0,"ocean_menu_typo_line_height_unit":"","ocean_menu_typo_spacing":0,"ocean_menu_typo_spacing_tablet":0,"ocean_menu_typo_spacing_mobile":0,"ocean_menu_typo_spacing_unit":"","ocean_menu_link_color":"","ocean_menu_link_color_hover":"","ocean_menu_link_color_active":"","ocean_menu_link_background":"","ocean_menu_link_hover_background":"","ocean_menu_link_active_background":"","ocean_menu_social_links_bg":"","ocean_menu_social_hover_links_bg":"","ocean_menu_social_links_color":"","ocean_menu_social_hover_links_color":"","ocean_disable_title":"default","ocean_disable_heading":"default","ocean_post_title":"","ocean_post_subheading":"","ocean_post_title_style":"","ocean_post_title_background_color":"","ocean_post_title_background":0,"ocean_post_title_bg_image_position":"","ocean_post_title_bg_image_attachment":"","ocean_post_title_bg_image_repeat":"","ocean_post_title_bg_image_size":"","ocean_post_title_height":0,"ocean_post_title_bg_overlay":0.5,"ocean_post_title_bg_overlay_color":"","ocean_disable_breadcrumbs":"default","ocean_breadcrumbs_color":"","ocean_breadcrumbs_separator_color":"","ocean_breadcrumbs_links_color":"","ocean_breadcrumbs_links_hover_color":"","ocean_display_footer_widgets":"default","ocean_display_footer_bottom":"default","ocean_custom_footer_template":"0","footnotes":""},"class_list":["post-201","page","type-page","status-publish","hentry","entry"],"_links":{"self":[{"href":"https:\/\/milad-dg.com\/de\/wp-json\/wp\/v2\/pages\/201","targetHints":{"allow":["GET"]}}],"collection":[{"href":"https:\/\/milad-dg.com\/de\/wp-json\/wp\/v2\/pages"}],"about":[{"href":"https:\/\/milad-dg.com\/de\/wp-json\/wp\/v2\/types\/page"}],"author":[{"embeddable":true,"href":"https:\/\/milad-dg.com\/de\/wp-json\/wp\/v2\/users\/1"}],"replies":[{"embeddable":true,"href":"https:\/\/milad-dg.com\/de\/wp-json\/wp\/v2\/comments?post=201"}],"version-history":[{"count":10,"href":"https:\/\/milad-dg.com\/de\/wp-json\/wp\/v2\/pages\/201\/revisions"}],"predecessor-version":[{"id":1033,"href":"https:\/\/milad-dg.com\/de\/wp-json\/wp\/v2\/pages\/201\/revisions\/1033"}],"wp:attachment":[{"href":"https:\/\/milad-dg.com\/de\/wp-json\/wp\/v2\/media?parent=201"}],"curies":[{"name":"wp","href":"https:\/\/api.w.org\/{rel}","templated":true}]}}